{"id":853,"date":"2022-12-02T06:05:38","date_gmt":"2022-12-02T06:05:38","guid":{"rendered":"https:\/\/bertha-von-suttner.net\/?page_id=853"},"modified":"2023-09-23T06:15:17","modified_gmt":"2023-09-23T06:15:17","slug":"bertha-von-suttners-eigene-werke","status":"publish","type":"page","link":"https:\/\/bertha-von-suttner.net\/ka-ge\/bertha-von-suttners-eigene-werke\/","title":{"rendered":"\u10d1\u10d4\u10e0\u10e2\u10d0 \u10e4\u10dd\u10dc \u10d6\u10e3\u10e2\u10dc\u10d4\u10e0\u10d8\u10e1 \u10e8\u10d4\u10db\u10dd\u10e5\u10db\u10d4\u10d3\u10d4\u10d1\u10d0"},"content":{"rendered":"<p>Suttner, Bertha von, Memoiren. Mit drei Bildnissen der Verfasserin, Stuttgart [u.a.]: 1909.<\/p>\n<p>Suttner, Bertha Freifrau von, <a href=\"https:\/\/fraueninbewegung.onb.ac.at\/node\/10783\">Erz\u00e4hlungen und Betrachtungen<\/a>, Wien: o. J.<\/p>\n<p>Suttner, Bertha von, Die lustigste Stadt der Welt, Wien: o. J.<\/p>\n<p>Suttner, Bertha Freifrau von, Die Waffen nieder! Lebensgeschichte. Fortsetzung: Martha&#8217;s Kinder, Dresden: o. J.<\/p>\n<p>Suttner, Bertha von, Inventarium einer Seele, Leipzig: 1883.<\/p>\n<p>Suttner, Bertha Freifrau von, Ein schlechter Mensch. Roman, Leipzig: 1885.<\/p>\n<p>Suttner, Bertha Freifrau von, Daniela Dormes. Roman, M\u00fcnchen [u.a]: 1886.<\/p>\n<p>Suttner, Bertha Freifrau von, High-life, M\u00fcnchen [u.a.]: 1886.<\/p>\n<p>Suttner, Bertha Freifrau von, Schriftsteller-Roman, Dresden: 1888.<\/p>\n<p><em>Jemand<\/em>, Das Maschinenalter: Zukunftsvorlesungen \u00fcber unsere Zeit, Z\u00fcrich: 1889.<\/p>\n<p>Suttner, Bertha Freifrau von, Die Waffen nieder! Eine Lebensgeschichte, Dresden: 1889.<\/p>\n<p>Suttner, Bertha Freifrau von, Erz\u00e4hlte Lustspiele: Neues aus dem High Life, Dresden: 1889.<\/p>\n<p>Die Waffen nieder! Monatsschrift zur F\u00f6rderung der Friedens-Idee, hrsg. von Bertha von Suttner, Berlin: 1892-1899.<\/p>\n<p>Suttner, Bertha Freifrau von, An der Riviera. Roman in 2 B\u00e4nden, Mannheim: 1892.<\/p>\n<p>Suttner, Bertha Freifrau von, Doktor Hallmuts Donnerstag, Dresden: 1892.<\/p>\n<p>Suttner, Bertha Freifrau von, Eva Siebeck. Roman, Dresden: 1892.<\/p>\n<p>Suttner, Bertha von, Ein Manuscript, Dresden: 1892.<\/p>\n<p>Suttner, Bertha Freifrau von, Verkettungen. Novellen, Dresden: 1892.<\/p>\n<p>Suttner, Bertha von, Die Tiefinnersten: Roman, Dresden [u.a.]: 1893.<\/p>\n<p>Suttner, Bertha Freifrau von, Im Berghause, Berlin: 1893.<\/p>\n<p>Suttner, Bertha von, Hanna: Roman, Dresden [u.a.]: 1894.<\/p>\n<p>Suttner, Bertha Freifrau von, Phantasien \u00fcber den &#8220;Gotha&#8221;, Dresden: 1894.<\/p>\n<p>Suttner, Bertha Freifrau von, Vor dem Gewitter. Roman, Wien: 1894.<\/p>\n<p>Suttner, Bertha Freifrau von, Einsam und arm, Dresden: 1896.<\/p>\n<p>Suttner, Bertha Freifrau von, Krieg und Frieden: Erz\u00e4hlungen, Aphorismen und Betrachtungen, Leopold Katscher (Hg.), Berlin: 1896.<\/p>\n<p>Suttner, Bertha von, Schmetterlinge: Novelletten und Skizzen, Dresden [u.a.]: 1897.<\/p>\n<p>Suttner, Bertha Freifrau von, Schach der Qual: ein Phantasiest\u00fcck, Dresden: 1898.<\/p>\n<p>Suttner, Bertha Freifrau von, Babies siebente Liebe und Anderes. Neue Folge der &#8220;Erz\u00e4hlten Lustspiele&#8221;, Dresden: 1905.<\/p>\n<p>Suttner, Bertha Freifrau von, Gesammelte Schriften, Dresden: 1907.<\/p>\n<p>Suttner, Bertha Freifrau von, R\u00fcstung und \u00dcberr\u00fcstung, Berlin: 1909.<\/p>\n<p>Suttner, Bertha Freifrau von, Der Menschheit Hochgedanken. Roman aus der n\u00e4chsten Zukunft, Berlin [u.a.]: 1911.<\/p>\n<p>Suttner, Bertha v., Aus der Werkstatt des Pazifismus, Leipzig [u.a.]: 1912.<\/p>\n<p>Suttner, Bertha Freifrau von, Die Barbarisierung der Luft, Berlin: 1912.<\/p>\n<p>&nbsp;<\/p>\n<p><strong>\u00dcbersetzungen\/Fremdsprache:<\/strong><\/p>\n<p><strong>\u10d7\u10d0\u10e0\u10d2\u10db\u10d0\u10dc\u10d4\u10d1\u10d8<\/strong><strong>:<\/strong><\/p>\n<p>Suttner, Bertha Freifrau von, Protiv vojny. (Die Waffen nieder!), pod. red. i s vstupleniem F. J. Bulgakova, St. Petersburg: 1892.<\/p>\n<p>Suttner, Bertha Freifrau von, Odzbrojte! (Legt die Waffen ab! Biographie), \u00fcbers. von Vlasta Pitner, Prag: 1896.<\/p>\n<p>Suttner, Bertha Freifrau von, Hal\u02beah ha neshe\u1e33! (Die Waffen nieder!), \u00dcbers. von Sbhi ha-Levi Romeld, Krakau: 1900.<\/p>\n<p>Suttner, Bertha von, Sarolta: Bertha von Suttner; \u00f6ver\u00e4ttning av Oscar Nachman; omslagvignett av Erik Jemhte; Trente-et-Quarante, Stockholm: 1914.<\/p>\n<p>&nbsp;<\/p>\n<p><strong>Neuauflagen, Sammlungen, posthum:<\/strong><\/p>\n<p><strong>\u10d0\u10ee\u10d0\u10da\u10d8<\/strong> <strong>\u10d2\u10d0\u10db\u10dd\u10ea\u10d4\u10db\u10d4\u10d1\u10d8<\/strong> <strong>\u10d3\u10d0<\/strong> <strong>\u10d9\u10e0\u10d4\u10d1\u10e3\u10da\u10d4\u10d1\u10d8<\/strong><strong>, <\/strong><strong>potshum <\/strong><strong>\u10d2\u10d0\u10db\u10dd\u10ea\u10d4\u10db\u10d4\u10d1\u10d8<\/strong><strong> (<\/strong><strong>\u10d2\u10d0\u10db\u10dd\u10ea\u10d4\u10db\u10d4\u10d1\u10d8<\/strong> <strong>\u10d0\u10d5\u10e2\u10dd\u10e0\u10d8\u10e1<\/strong> <strong>\u10d2\u10d0\u10e0\u10d3\u10d0\u10ea\u10d5\u10d0\u10da\u10d4\u10d1\u10d8\u10e1<\/strong> <strong>\u10e8\u10d4\u10db\u10d3\u10d2\u10dd\u10db<\/strong><strong>)<\/strong><\/p>\n<p>Suttner, Bertha Freifrau von, Bertha von Suttners Werke in Volksausgaben, Dresden: 1907.<\/p>\n<p>Suttner, Bertha Freifrau von, Der Kampf um die Vermeidung des Weltkrieges: Randglossen aus 2 Jahrzehnten zu den Zeitereignissen vor der Katastrophe, Alfred H. Fried (Hg.), Z\u00fcrich: 1917.<\/p>\n<p>Suttner, Bertha Freifrau von, Von der Caprivischen Heeresvermehrung bis zum Transvaalkrieg, Z\u00fcrich: 1917.<\/p>\n<p>Suttner, Bertha Freifrau von, Von der zweiten Haager Konferenz bis zum Ausbruch des Weltkrieges, Z\u00fcrich: 1917.<\/p>\n<p>Suttner, Bertha Freifrau von, Martha&#8217;s Kinder: Roman. Eine neue Folge von &#8220;Die Waffen nieder!&#8221;, Berlin-Wien: 1918.<\/p>\n<p>Suttner, Bertha v., Die Waffen nieder! Roman, Wien [u.a.]: ca. 1966.<\/p>\n<p>Suttner, Bertha von, K\u00e4mpferin f\u00fcr den Frieden: Bertha von Suttner: Lebenserinnerungen, Reden und Schriften; eine Auswahl, Gisela Brinker-Gabler [Hg.], Frankfurt a. M.: 1982.<\/p>\n<p>Suttner, Bertha von, Ch\u00e8re baronne et amie &#8211; cher monsieur et ami: der Briefwechsel zwischen Alfred Nobel und Bertha von Suttner, Edelgard Biedermann (Hg.), Hildesheim [u.a.]: 2001.<\/p>\n<p>Suttner, Bertha von, Die Waffen nieder! Roman; [Tagebuchnotizen], Richard Pils [Hg.], Weitra: 2005.<\/p>\n<p>Suttner, Bertha von, <a href=\"https:\/\/fraueninbewegung.onb.ac.at\/node\/10798\">Die Waffen nieder!<\/a>, Wien [u.a.]: 2008.<\/p>\n","protected":false},"excerpt":{"rendered":"<p>Suttner, Bertha von, Memoiren. Mit drei Bildnissen der Verfasserin, Stuttgart [u.a.]: 1909. Suttner, Bertha Freifrau von, Erz\u00e4hlungen und Betrachtungen, Wien: o. J. Suttner, Bertha von, Die lustigste Stadt der Welt, Wien: o. J. Suttner, Bertha Freifrau von, Die Waffen nieder! Lebensgeschichte. Fortsetzung: Martha&#8217;s Kinder, Dresden: o. J. Suttner, Bertha von, Inventarium einer Seele, Leipzig: 1883.&hellip;<\/p>\n","protected":false},"author":1,"featured_media":0,"parent":0,"menu_order":0,"comment_status":"closed","ping_status":"closed","template":"templates\/no-sidebar.php","meta":{"footnotes":""},"class_list":["post-853","page","type-page","status-publish","hentry","entry","no-media"],"_links":{"self":[{"href":"https:\/\/bertha-von-suttner.net\/ka-ge\/wp-json\/wp\/v2\/pages\/853","targetHints":{"allow":["GET"]}}],"collection":[{"href":"https:\/\/bertha-von-suttner.net\/ka-ge\/wp-json\/wp\/v2\/pages"}],"about":[{"href":"https:\/\/bertha-von-suttner.net\/ka-ge\/wp-json\/wp\/v2\/types\/page"}],"author":[{"embeddable":true,"href":"https:\/\/bertha-von-suttner.net\/ka-ge\/wp-json\/wp\/v2\/users\/1"}],"replies":[{"embeddable":true,"href":"https:\/\/bertha-von-suttner.net\/ka-ge\/wp-json\/wp\/v2\/comments?post=853"}],"version-history":[{"count":2,"href":"https:\/\/bertha-von-suttner.net\/ka-ge\/wp-json\/wp\/v2\/pages\/853\/revisions"}],"predecessor-version":[{"id":857,"href":"https:\/\/bertha-von-suttner.net\/ka-ge\/wp-json\/wp\/v2\/pages\/853\/revisions\/857"}],"wp:attachment":[{"href":"https:\/\/bertha-von-suttner.net\/ka-ge\/wp-json\/wp\/v2\/media?parent=853"}],"curies":[{"name":"wp","href":"https:\/\/api.w.org\/{rel}","templated":true}]}}