{"id":689,"date":"2022-12-02T05:54:03","date_gmt":"2022-12-02T05:54:03","guid":{"rendered":"https:\/\/bertha-von-suttner.net\/%e1%83%98%e1%83%9b%e1%83%9e%e1%83%a0%e1%83%94%e1%83%a1%e1%83%a3%e1%83%9b%e1%83%98\/"},"modified":"2023-09-23T03:55:00","modified_gmt":"2023-09-23T03:55:00","slug":"%e1%83%98%e1%83%9b%e1%83%9e%e1%83%a0%e1%83%94%e1%83%a1%e1%83%a3%e1%83%9b%e1%83%98","status":"publish","type":"page","link":"https:\/\/bertha-von-suttner.net\/ka-ge\/%e1%83%98%e1%83%9b%e1%83%9e%e1%83%a0%e1%83%94%e1%83%a1%e1%83%a3%e1%83%9b%e1%83%98\/","title":{"rendered":"\u10d8\u10db\u10de\u10e0\u10d4\u10e1\u10e3\u10db\u10d8"},"content":{"rendered":"<p><strong>Leopold-Franzens-Universit\u00e4t Innsbruck<\/strong><\/p>\n<p>Kurt Scharr Univ.-Prof. Mag. Dr.<br \/>\nGunda Barth-Scalmani, Mag.a Dr.in, A.o. Univ.-Prof.in<\/p>\n<p><strong>Team PHT-Tirol<\/strong><\/p>\n<p>Claudia Rauchegger Prof.<sup>in<\/sup> Mag.<sup>a<\/sup> Dr.<sup>in<br \/>\n<\/sup>Stephan Scharinger Prof. Mag. Dr.<\/p>\n<p><strong>Mitarbeiterin<\/strong><\/p>\n<div class=\"page\" title=\"Page 14\">\n<div class=\"layoutArea\">\n<div class=\"column\">\n<p>Claudia Zocchi, Mag.a<\/p>\n<\/div>\n<\/div>\n<\/div>\n<p><strong>Bundesministerium f. Europ\u00e4ische &amp; Internationale Angelegenheiten Wien<\/strong><\/p>\n<p>Thomas M\u00fchlmann Botschafter Dr. (\u00d6sterreichische Botschaft Tiflis)<br \/>\nDavid Schriffl Dr. (BMEIA Wien)<\/p>\n<p><strong>Webseite<\/strong><\/p>\n<p>Niko Hofinger, Altneuland Bildschirmwerkstatt<\/p>\n<p>___________________________________________________<\/p>\n<p>gef\u00f6rdert von:<\/p>\n<p><img loading=\"lazy\" decoding=\"async\" class=\"alignnone size-full wp-image-432\" src=\"https:\/\/bertha-von-suttner.net\/wp-content\/uploads\/2022\/12\/image002.png\" alt=\"\" width=\"492\" height=\"125\" srcset=\"https:\/\/bertha-von-suttner.net\/wp-content\/uploads\/2022\/12\/image002.png 492w, https:\/\/bertha-von-suttner.net\/wp-content\/uploads\/2022\/12\/image002-300x76.png 300w\" sizes=\"auto, (max-width: 492px) 100vw, 492px\" \/><\/p>\n<p><img loading=\"lazy\" decoding=\"async\" class=\"alignnone size-full wp-image-433\" src=\"https:\/\/bertha-von-suttner.net\/wp-content\/uploads\/2022\/12\/image001.png\" alt=\"\" width=\"438\" height=\"115\" srcset=\"https:\/\/bertha-von-suttner.net\/wp-content\/uploads\/2022\/12\/image001.png 438w, https:\/\/bertha-von-suttner.net\/wp-content\/uploads\/2022\/12\/image001-300x79.png 300w\" sizes=\"auto, (max-width: 438px) 100vw, 438px\" \/><\/p>\n<p><img loading=\"lazy\" decoding=\"async\" class=\"alignnone size-full wp-image-431\" src=\"https:\/\/bertha-von-suttner.net\/wp-content\/uploads\/2022\/12\/image003.png\" alt=\"\" width=\"358\" height=\"141\" srcset=\"https:\/\/bertha-von-suttner.net\/wp-content\/uploads\/2022\/12\/image003.png 358w, https:\/\/bertha-von-suttner.net\/wp-content\/uploads\/2022\/12\/image003-300x118.png 300w\" sizes=\"auto, (max-width: 358px) 100vw, 358px\" \/><\/p>\n<p><img loading=\"lazy\" decoding=\"async\" class=\"alignnone wp-image-430\" src=\"https:\/\/bertha-von-suttner.net\/wp-content\/uploads\/2022\/12\/Neu_logo_xWeb21.jpg\" alt=\"\" width=\"399\" height=\"231\" srcset=\"https:\/\/bertha-von-suttner.net\/wp-content\/uploads\/2022\/12\/Neu_logo_xWeb21.jpg 2479w, https:\/\/bertha-von-suttner.net\/wp-content\/uploads\/2022\/12\/Neu_logo_xWeb21-300x174.jpg 300w, https:\/\/bertha-von-suttner.net\/wp-content\/uploads\/2022\/12\/Neu_logo_xWeb21-1024x593.jpg 1024w, https:\/\/bertha-von-suttner.net\/wp-content\/uploads\/2022\/12\/Neu_logo_xWeb21-768x445.jpg 768w, https:\/\/bertha-von-suttner.net\/wp-content\/uploads\/2022\/12\/Neu_logo_xWeb21-1536x890.jpg 1536w, https:\/\/bertha-von-suttner.net\/wp-content\/uploads\/2022\/12\/Neu_logo_xWeb21-2048x1186.jpg 2048w\" sizes=\"auto, (max-width: 399px) 100vw, 399px\" \/><\/p>\n<p><img loading=\"lazy\" decoding=\"async\" class=\"alignnone wp-image-617\" src=\"https:\/\/bertha-von-suttner.net\/wp-content\/uploads\/2023\/03\/pht_wortmarke_rgb_1.png\" alt=\"\" width=\"416\" height=\"128\" srcset=\"https:\/\/bertha-von-suttner.net\/wp-content\/uploads\/2023\/03\/pht_wortmarke_rgb_1.png 1341w, https:\/\/bertha-von-suttner.net\/wp-content\/uploads\/2023\/03\/pht_wortmarke_rgb_1-300x93.png 300w, https:\/\/bertha-von-suttner.net\/wp-content\/uploads\/2023\/03\/pht_wortmarke_rgb_1-1024x316.png 1024w, https:\/\/bertha-von-suttner.net\/wp-content\/uploads\/2023\/03\/pht_wortmarke_rgb_1-768x237.png 768w\" sizes=\"auto, (max-width: 416px) 100vw, 416px\" \/><\/p>\n","protected":false},"excerpt":{"rendered":"<p>Leopold-Franzens-Universit\u00e4t Innsbruck Kurt Scharr Univ.-Prof. Mag. Dr. Gunda Barth-Scalmani, Mag.a Dr.in, A.o. Univ.-Prof.in Team PHT-Tirol Claudia Rauchegger Prof.in Mag.a Dr.in Stephan Scharinger Prof. Mag. Dr. Mitarbeiterin Claudia Zocchi, Mag.a Bundesministerium f. Europ\u00e4ische &amp; Internationale Angelegenheiten Wien Thomas M\u00fchlmann Botschafter Dr. (\u00d6sterreichische Botschaft Tiflis) David Schriffl Dr. (BMEIA Wien) Webseite Niko Hofinger, Altneuland Bildschirmwerkstatt ___________________________________________________ gef\u00f6rdert&hellip;<\/p>\n","protected":false},"author":1,"featured_media":0,"parent":0,"menu_order":0,"comment_status":"closed","ping_status":"closed","template":"templates\/no-sidebar.php","meta":{"footnotes":""},"class_list":["post-689","page","type-page","status-publish","hentry","entry","no-media"],"_links":{"self":[{"href":"https:\/\/bertha-von-suttner.net\/ka-ge\/wp-json\/wp\/v2\/pages\/689","targetHints":{"allow":["GET"]}}],"collection":[{"href":"https:\/\/bertha-von-suttner.net\/ka-ge\/wp-json\/wp\/v2\/pages"}],"about":[{"href":"https:\/\/bertha-von-suttner.net\/ka-ge\/wp-json\/wp\/v2\/types\/page"}],"author":[{"embeddable":true,"href":"https:\/\/bertha-von-suttner.net\/ka-ge\/wp-json\/wp\/v2\/users\/1"}],"replies":[{"embeddable":true,"href":"https:\/\/bertha-von-suttner.net\/ka-ge\/wp-json\/wp\/v2\/comments?post=689"}],"version-history":[{"count":1,"href":"https:\/\/bertha-von-suttner.net\/ka-ge\/wp-json\/wp\/v2\/pages\/689\/revisions"}],"predecessor-version":[{"id":770,"href":"https:\/\/bertha-von-suttner.net\/ka-ge\/wp-json\/wp\/v2\/pages\/689\/revisions\/770"}],"wp:attachment":[{"href":"https:\/\/bertha-von-suttner.net\/ka-ge\/wp-json\/wp\/v2\/media?parent=689"}],"curies":[{"name":"wp","href":"https:\/\/api.w.org\/{rel}","templated":true}]}}