{"id":764,"date":"2022-11-21T08:01:11","date_gmt":"2022-11-21T08:01:11","guid":{"rendered":"https:\/\/bertha-von-suttner.net\/?page_id=764"},"modified":"2023-09-23T03:44:41","modified_gmt":"2023-09-23T03:44:41","slug":"die-waffen-nieder-der-roman-task-4","status":"publish","type":"page","link":"https:\/\/bertha-von-suttner.net\/en\/die-waffen-nieder-der-roman-task-4\/","title":{"rendered":"Die Waffen nieder &#8211; der Roman: Task 4"},"content":{"rendered":"[vc_row][vc_column][vc_text_separator title=&#8221;Task 4&#8243;][vc_column_text]For fluent German readers and speakers only:In ihren Memoiren (Lebenserinnerungen) erinnert sich Bertha von Suttner an ihre jugendliche Erinnerung an den \u00f6sterreichischen Feldmarschall Josef Graf Radetzky. Lest den Text und diskutiert \u00fcber Suttners ver\u00e4nderte Sichtweise zum Thema \u201cKrieg und Frieden\u201d.[\/vc_column_text][\/vc_column][\/vc_row][vc_row][vc_column][vc_column_text]<em>Erinnerung an Radetzkys Tod und was sie in jungen Jahren von dem Buchtitel \u201eDie Waffen nieder!\u201c gehalten h\u00e4tte <\/em><\/p>\n<ol>\n<li><u> 31: <\/u><\/li>\n<\/ol>\n<p>Ich erinnere mich, da\u00df mir die Nachricht [von Radetzkys Tod] den Eindruck gemacht, als sei eine der d\u00fcsteren Weltkatastrophen eingetreten \u2013 der gro\u00dfe Feldmarschall nicht mehr! Ich wu\u00dfte ja, welchen Kultus Fritzerl [Vormund Suttners] f\u00fcr ihn hegte und wie schmerzlich ihn dieser Verlust treffen mu\u00dfte. Freilich war Radetzky schon zweiundneunzig Jahre als, aber ebendeshalb schien es, als sollte er \u00fcberhaupt nicht sterben oder als w\u00e4re er doch wenigstens vorbestimmt, hundert Jahre alt zu werden. Jedenfalls war die Welt und namentlich \u00d6sterreich um einen Besitzesschatz \u00e4rmer. Ein solcher Held! Eine solche Halbgottgestalt! Meine Bewunderung f\u00fcr soldatischen Ruhm war eine andachtsvolle. Etwas Milit\u00e4rfrommeres als mich gab\u2019s ja nicht. W\u00e4re damals jemand auf die Idee gekommen, ein Buch mit einem so frevelhaften Titel wie: \u201eDie Waffen nieder!\u201c zu schreiben, ich h\u00e4tte den Autor[\/vc_column_text][\/vc_column][\/vc_row]\n","protected":false},"excerpt":{"rendered":"<p>[vc_row][vc_column][vc_text_separator title=&#8221;Task 4&#8243;][vc_column_text]For fluent German readers and speakers only:In ihren Memoiren (Lebenserinnerungen) erinnert sich Bertha von Suttner an ihre jugendliche Erinnerung an den \u00f6sterreichischen Feldmarschall Josef Graf Radetzky. Lest den Text und diskutiert \u00fcber Suttners ver\u00e4nderte Sichtweise zum Thema \u201cKrieg und Frieden\u201d.[\/vc_column_text][\/vc_column][\/vc_row][vc_row][vc_column][vc_column_text]Erinnerung an Radetzkys Tod und was sie in jungen Jahren von dem Buchtitel \u201eDie&hellip;<\/p>\n","protected":false},"author":1,"featured_media":0,"parent":0,"menu_order":0,"comment_status":"closed","ping_status":"closed","template":"templates\/full-screen.php","meta":{"footnotes":""},"class_list":["post-764","page","type-page","status-publish","hentry","entry","no-media"],"_links":{"self":[{"href":"https:\/\/bertha-von-suttner.net\/en\/wp-json\/wp\/v2\/pages\/764","targetHints":{"allow":["GET"]}}],"collection":[{"href":"https:\/\/bertha-von-suttner.net\/en\/wp-json\/wp\/v2\/pages"}],"about":[{"href":"https:\/\/bertha-von-suttner.net\/en\/wp-json\/wp\/v2\/types\/page"}],"author":[{"embeddable":true,"href":"https:\/\/bertha-von-suttner.net\/en\/wp-json\/wp\/v2\/users\/1"}],"replies":[{"embeddable":true,"href":"https:\/\/bertha-von-suttner.net\/en\/wp-json\/wp\/v2\/comments?post=764"}],"version-history":[{"count":1,"href":"https:\/\/bertha-von-suttner.net\/en\/wp-json\/wp\/v2\/pages\/764\/revisions"}],"predecessor-version":[{"id":765,"href":"https:\/\/bertha-von-suttner.net\/en\/wp-json\/wp\/v2\/pages\/764\/revisions\/765"}],"wp:attachment":[{"href":"https:\/\/bertha-von-suttner.net\/en\/wp-json\/wp\/v2\/media?parent=764"}],"curies":[{"name":"wp","href":"https:\/\/api.w.org\/{rel}","templated":true}]}}