{"id":761,"date":"2022-11-21T08:00:07","date_gmt":"2022-11-21T08:00:07","guid":{"rendered":"https:\/\/bertha-von-suttner.net\/?page_id=761"},"modified":"2023-09-23T03:46:42","modified_gmt":"2023-09-23T03:46:42","slug":"die-waffen-nieder-der-roman-aufgabe-3","status":"publish","type":"page","link":"https:\/\/bertha-von-suttner.net\/en\/die-waffen-nieder-der-roman-aufgabe-3\/","title":{"rendered":"Die Waffen nieder &#8211; der Roman: Task 3"},"content":{"rendered":"[vc_row][vc_column][vc_text_separator title=&#8221;Task 3&#8243;][\/vc_column][\/vc_row][vc_row][vc_column css=&#8221;.vc_custom_1642145700540{padding-right: 20% !important;padding-left: 20% !important;}&#8221;][vc_column_text]For German readers ans speakers only: Martha reist 1866 an die Front im Preu\u00dfisch-\u00d6sterreichischen Krieg und sieht dort die Schrecken des Krieges mit eigenen Augen.<\/p>\n<ul>\n<li>Informiert euch im Video \u201eDie Schlacht von K\u00f6niggr\u00e4tz\u201c unter <a href=\"https:\/\/www.youtube.com\/watch?v=eUFozZBTWqs\">https:\/\/www.youtube.com\/watch?v=eUFozZBTWqs<\/a> \u00fcber die Hintergr\u00fcnde, den Verlauf und die Ergebnisse des Preu\u00dfisch-\u00d6sterreichischen Krieges.<\/li>\n<li>Lest den Auszug aus dem Vierten Buch des Romans. Stellt die Bedeutung eines Krieges f\u00fcr die Politik einerseits und f\u00fcr die beteiligten Menschen andererseits gegen\u00fcber.<\/li>\n<\/ul>\n[\/vc_column_text][\/vc_column][\/vc_row][vc_row][vc_column][vc_column_text]\n<pre>\u00bbDas Dorf ist unser \u2013 nein, es ist des Feindes \u2013 und wieder unser \u2013 und abermals des Feindes, aber ein Dorf ist's nicht mehr, sondern ein rauchender Tr\u00fcmmerhaufen.\r\n\r\nDie Bewohner (war es nicht eigentlich ihr Dorf?) hatten es schon fr\u00fcher verlassen und waren geflohen. Zum Gl\u00fcck \u2013 denn der Kampf in einem bewohnten Orte ist gar etwas F\u00fcrchterliches, denn da fallen die Kugeln von Feind und Freund mitten in die Stuben hinein und t\u00f6ten Weiber und Kinder. \u2013 Eine Familie war dennoch in dem Orte zur\u00fcckgeblieben, den wir gestern genommen, verloren, wieder genommen und verloren haben, n\u00e4mlich ein altes Ehepaar und dessen Tochter \u2013 diese im Kindbett. Der Gatte dient in unserem Regiment. Er sagte mir's, als wir uns dem Dorfe n\u00e4herten: \u00bbDort, Herr Oberstleutnant, in dem Hause mit dem roten Dach, lebt mein Weib mit ihren alten Eltern ... Sie haben nicht fliehen k\u00f6nnen, die Armen ... mein Weib mu\u00df jede Stunde niederkommen, und die Alten sind halb gel\u00e4hmt um Gotteswillen, Herr Oberstleutnant, kommandieren Sie mich dorthin.\u00ab \u2013 Der arme Teufel! er kam gerade zurecht, um die W\u00f6chnerin und das Kind sterben zu sehen; eine Bombe war neben dem Bette geplatzt .... Was mit den Alten geschehen, ich wei\u00df es nicht. Vermutlich unter den Tr\u00fcmmern begraben; das Haus war eins der ersten, welches in Brand geschossen wurde. Der Kampf auf offenem Felde ist schaurig genug; aber der Kampf inzwischen menschlicher Wohnungen ist noch zehnmal grausiger. St\u00fcrzendes Geb\u00e4lk, aufschlagende Flammen, erstickender Rauch \u2013 vor Angst tollgewordenes Vieh \u2013 jede Mauer Festung oder Barrikade, jedes Fenster Schie\u00dfscharte ... Eine Brustwehr habe ich da gesehen, die war aus Leichen gebildet. Da hatten die Verteidiger alle in der N\u00e4he liegenden Gefallenen aufeinandergeschichtet, um, so gesch\u00fctzt, dar\u00fcber auf den Angreifer hinwegzuschie\u00dfen. Diese Mauer vergesse ich wohl im Leben nicht: ... Einer, der als Ziegel diente \u2013 zwischen den anderen Leichenziegeln eingepfercht \u2013 der lebte noch, bewegte die Arme. \u2013 \u2013 \u2013\r\n\r\n\u00bbLebte noch\u00ab: das ist ein Zustand \u2013 im Krieg in tausend Varianten vorkommend \u2013 der die ma\u00dflosesten Leiden in sich birgt. G\u00e4b' es irgend einen Engel der Barmherzigkeit, der \u00fcber den Schlachtfeldern schwebte, er h\u00e4tte vollauf zu tun, den armen Wichten \u2013 Mensch und Tier \u2013 die \u00bbnoch lebten\u00ab, den Gnadensto\u00df zu geben.\u00ab\r\n\r\n\r\n\r\n\r\nBertha von Suttner: Die Waffen nieder!, Buch 4, zit. n. <a href=\"https:\/\/www.projekt-gutenberg.org\/suttner\/waffenni\/chap004.html\">https:\/\/www.projekt-gutenberg.org\/suttner\/waffenni\/chap004.html<\/a>.<\/pre>\n[\/vc_column_text][\/vc_column][\/vc_row]\n","protected":false},"excerpt":{"rendered":"<p>[vc_row][vc_column][vc_text_separator title=&#8221;Task 3&#8243;][\/vc_column][\/vc_row][vc_row][vc_column css=&#8221;.vc_custom_1642145700540{padding-right: 20% !important;padding-left: 20% !important;}&#8221;][vc_column_text]For German readers ans speakers only: Martha reist 1866 an die Front im Preu\u00dfisch-\u00d6sterreichischen Krieg und sieht dort die Schrecken des Krieges mit eigenen Augen. Informiert euch im Video \u201eDie Schlacht von K\u00f6niggr\u00e4tz\u201c unter https:\/\/www.youtube.com\/watch?v=eUFozZBTWqs \u00fcber die Hintergr\u00fcnde, den Verlauf und die Ergebnisse des Preu\u00dfisch-\u00d6sterreichischen Krieges. Lest den&hellip;<\/p>\n","protected":false},"author":1,"featured_media":0,"parent":0,"menu_order":0,"comment_status":"closed","ping_status":"closed","template":"templates\/full-screen.php","meta":{"footnotes":""},"class_list":["post-761","page","type-page","status-publish","hentry","entry","no-media"],"_links":{"self":[{"href":"https:\/\/bertha-von-suttner.net\/en\/wp-json\/wp\/v2\/pages\/761","targetHints":{"allow":["GET"]}}],"collection":[{"href":"https:\/\/bertha-von-suttner.net\/en\/wp-json\/wp\/v2\/pages"}],"about":[{"href":"https:\/\/bertha-von-suttner.net\/en\/wp-json\/wp\/v2\/types\/page"}],"author":[{"embeddable":true,"href":"https:\/\/bertha-von-suttner.net\/en\/wp-json\/wp\/v2\/users\/1"}],"replies":[{"embeddable":true,"href":"https:\/\/bertha-von-suttner.net\/en\/wp-json\/wp\/v2\/comments?post=761"}],"version-history":[{"count":3,"href":"https:\/\/bertha-von-suttner.net\/en\/wp-json\/wp\/v2\/pages\/761\/revisions"}],"predecessor-version":[{"id":766,"href":"https:\/\/bertha-von-suttner.net\/en\/wp-json\/wp\/v2\/pages\/761\/revisions\/766"}],"wp:attachment":[{"href":"https:\/\/bertha-von-suttner.net\/en\/wp-json\/wp\/v2\/media?parent=761"}],"curies":[{"name":"wp","href":"https:\/\/api.w.org\/{rel}","templated":true}]}}